{"id":357,"date":"2020-01-21T17:47:50","date_gmt":"2020-01-21T17:47:50","guid":{"rendered":"http:\/\/hsi-stb.com\/?page_id=357"},"modified":"2020-01-27T11:53:49","modified_gmt":"2020-01-27T11:53:49","slug":"357-2","status":"publish","type":"page","link":"https:\/\/hsi-stb.com\/?page_id=357&lang=de","title":{"rendered":"HSI-STB"},"content":{"rendered":"\n[et_pb_section fb_built=&#8221;1&#8243; _builder_version=&#8221;4.1&#8243; background_image=&#8221;http:\/\/hsi-stb.com\/wp-content\/uploads\/2020\/01\/philipp-schlabs-XcZkn-te3S8-unsplash-scaled.jpg&#8221; parallax=&#8221;on&#8221; width=&#8221;100%&#8221; max_width=&#8221;100%&#8221; top_divider_style=&#8221;slant2&#8243; top_divider_color=&#8221;#e8e8e8&#8243; top_divider_height=&#8221;63px&#8221; top_divider_repeat=&#8221;0x&#8221; bottom_divider_style=&#8221;curve2&#8243; bottom_divider_color=&#8221;#a3a3a3&#8243; bottom_divider_height=&#8221;50px&#8221;][et_pb_row _builder_version=&#8221;4.1&#8243; width=&#8221;91%&#8221; height=&#8221;360px&#8221;][et_pb_column type=&#8221;4_4&#8243; _builder_version=&#8221;4.0.11&#8243;][et_pb_text _builder_version=&#8221;4.1&#8243; text_font=&#8221;Allerta|700|||||||&#8221; text_text_color=&#8221;#000000&#8243; header_font=&#8221;Allerta|700|||||||&#8221; header_text_align=&#8221;center&#8221; header_text_color=&#8221;#000000&#8243; header_font_size=&#8221;90px&#8221; header_letter_spacing=&#8221;14px&#8221; header_line_height=&#8221;1.5em&#8221; custom_padding=&#8221;74px||130px|||&#8221; animation_style=&#8221;fade&#8221; header_text_shadow_style=&#8221;preset1&#8243; header_text_shadow_vertical_length=&#8221;0em&#8221; header_text_shadow_blur_strength=&#8221;0.15em&#8221; header_text_shadow_color=&#8221;#ffffff&#8221;]<h1 style=\"text-align: center;\">HSI-STB<\/h1>[\/et_pb_text][\/et_pb_column][\/et_pb_row][\/et_pb_section][et_pb_section fb_built=&#8221;1&#8243; _builder_version=&#8221;4.1&#8243; background_color=&#8221;#8f8f8f&#8221; use_background_color_gradient=&#8221;on&#8221; background_color_gradient_start=&#8221;#000000&#8243; background_color_gradient_end=&#8221;#a3a3a3&#8243; background_color_gradient_direction=&#8221;0deg&#8221; background_color_gradient_start_position=&#8221;89%&#8221;][et_pb_row column_structure=&#8221;2_5,3_5&#8243; _builder_version=&#8221;4.0.11&#8243;][et_pb_column type=&#8221;2_5&#8243; _builder_version=&#8221;4.0.11&#8243;][et_pb_image src=&#8221;http:\/\/hsi-stb.com\/wp-content\/uploads\/2020\/01\/isis-franca-hsPFuudRg5I-unsplash-scaled.jpg&#8221; _builder_version=&#8221;4.1&#8243;][\/et_pb_image][\/et_pb_column][et_pb_column type=&#8221;3_5&#8243; _builder_version=&#8221;4.0.11&#8243;][et_pb_text _builder_version=&#8221;4.2.1&#8243; text_font=&#8221;Andada||||||||&#8221; text_text_color=&#8221;#9e9e9e&#8221; text_font_size=&#8221;21px&#8221; custom_margin=&#8221;33px||||false|false&#8221; custom_padding=&#8221;||0px|||&#8221;]<p>Mit \u00fcber 25 Jahren Erfahrung in der Region, ist es HSI und STB gelungen, ein umfangreiches Netzwerk an Unternehmen aufzubauen.<br \/> Von Europa bis nach Asien.<\/p>\n<p>Wir engagieren uns in der Lieferung, der Installation und der Wartung von hochwertigen Prozessanlagen, ebenso wie den Dienstleistungen von weltweit f\u00fchrenden Herstellern f\u00fcr die Prozess-Industrie. Dar\u00fcber hinaus bieten wir schl\u00fcsselfertige Konstruktionsleistungen f\u00fcr die Verarbeitung, die Steuerung und das Rohstoffhandling.<\/p>[\/et_pb_text][\/et_pb_column][\/et_pb_row][\/et_pb_section][et_pb_section fb_built=&#8221;1&#8243; _builder_version=&#8221;4.2.1&#8243; background_color=&#8221;#000000&#8243;][et_pb_row column_structure=&#8221;1_2,1_2&#8243; _builder_version=&#8221;4.2.1&#8243; custom_margin=&#8221;|auto||auto|false|false&#8221;][et_pb_column type=&#8221;1_2&#8243; _builder_version=&#8221;4.1&#8243;][et_pb_text _builder_version=&#8221;4.1&#8243; text_font=&#8221;Andada||||||||&#8221; text_font_size=&#8221;25px&#8221; header_4_font=&#8221;Andada||||||||&#8221; header_4_font_size=&#8221;31px&#8221;]<h4 style=\"text-align: left;\"><span style=\"color: #f9f9f9;\"><strong>Unsere Grundwerte:<\/strong><\/span><\/h4>\n<ul>\n<li style=\"text-align: left;\"><span style=\"color: #cccccc;\">Leistung<\/span><\/li>\n<li style=\"text-align: left;\"><span style=\"color: #cccccc;\">Best\u00e4ndigkeit<\/span><\/li>\n<li style=\"text-align: left;\"><span style=\"color: #cccccc;\">Langfristige Partnerschaft und Unterst\u00fctzung<\/span><\/li>\n<\/ul>[\/et_pb_text][\/et_pb_column][et_pb_column type=&#8221;1_2&#8243; _builder_version=&#8221;4.1&#8243;][et_pb_button button_url=&#8221;@ET-DC@eyJkeW5hbWljIjp0cnVlLCJjb250ZW50IjoicG9zdF9saW5rX3VybF9wYWdlIiwic2V0dGluZ3MiOnsicG9zdF9pZCI6IjQ5In19@&#8221; button_text=&#8221;Mehr erfahren&#8230;&#8221; button_alignment=&#8221;center&#8221; _builder_version=&#8221;4.2.1&#8243; _dynamic_attributes=&#8221;button_url&#8221; transform_scale=&#8221;114%|114%&#8221; animation_style=&#8221;fade&#8221; box_shadow_style=&#8221;preset6&#8243; box_shadow_color=&#8221;#0c71c3&#8243;][\/et_pb_button][\/et_pb_column][\/et_pb_row][\/et_pb_section][et_pb_section fb_built=&#8221;1&#8243; _builder_version=&#8221;4.2.1&#8243; background_color=&#8221;#000000&#8243; bottom_divider_style=&#8221;curve2&#8243; bottom_divider_color=&#8221;#161616&#8243; bottom_divider_height=&#8221;33px&#8221;][et_pb_row _builder_version=&#8221;4.2.1&#8243;][et_pb_column type=&#8221;4_4&#8243; _builder_version=&#8221;4.2.1&#8243;][et_pb_text _builder_version=&#8221;4.2.1&#8243; text_font=&#8221;Andada|700|||||||&#8221; text_text_color=&#8221;#ffffff&#8221; text_font_size=&#8221;20px&#8221;]<p style=\"text-align: center;\">Stolz in Verbindung mit<\/p>[\/et_pb_text][et_pb_image src=&#8221;http:\/\/hsi-stb.com\/wp-content\/uploads\/2020\/01\/Sturtevant.png&#8221; url=&#8221;https:\/\/sturtevantinc.com\/&#8221; url_new_window=&#8221;on&#8221; align=&#8221;center&#8221; _builder_version=&#8221;4.2.1&#8243; transform_scale=&#8221;75%|75%&#8221; custom_margin=&#8221;|auto||auto|false|false&#8221;][\/et_pb_image][\/et_pb_column][\/et_pb_row][\/et_pb_section]\n","protected":false},"excerpt":{"rendered":"","protected":false},"author":1,"featured_media":0,"parent":0,"menu_order":0,"comment_status":"closed","ping_status":"closed","template":"","meta":{"_et_pb_use_builder":"on","_et_pb_old_content":"","_et_gb_content_width":""},"_links":{"self":[{"href":"https:\/\/hsi-stb.com\/index.php?rest_route=\/wp\/v2\/pages\/357"}],"collection":[{"href":"https:\/\/hsi-stb.com\/index.php?rest_route=\/wp\/v2\/pages"}],"about":[{"href":"https:\/\/hsi-stb.com\/index.php?rest_route=\/wp\/v2\/types\/page"}],"author":[{"embeddable":true,"href":"https:\/\/hsi-stb.com\/index.php?rest_route=\/wp\/v2\/users\/1"}],"replies":[{"embeddable":true,"href":"https:\/\/hsi-stb.com\/index.php?rest_route=%2Fwp%2Fv2%2Fcomments&post=357"}],"version-history":[{"count":5,"href":"https:\/\/hsi-stb.com\/index.php?rest_route=\/wp\/v2\/pages\/357\/revisions"}],"predecessor-version":[{"id":380,"href":"https:\/\/hsi-stb.com\/index.php?rest_route=\/wp\/v2\/pages\/357\/revisions\/380"}],"wp:attachment":[{"href":"https:\/\/hsi-stb.com\/index.php?rest_route=%2Fwp%2Fv2%2Fmedia&parent=357"}],"curies":[{"name":"wp","href":"https:\/\/api.w.org\/{rel}","templated":true}]}}