{"id":425,"date":"2020-01-30T11:37:37","date_gmt":"2020-01-30T11:37:37","guid":{"rendered":"http:\/\/hsi-stb.com\/?page_id=425"},"modified":"2020-02-05T10:28:28","modified_gmt":"2020-02-05T10:28:28","slug":"micronizer-strahlmuehle","status":"publish","type":"page","link":"https:\/\/hsi-stb.com\/?page_id=425&lang=de","title":{"rendered":"Micronizer\u00ae Strahlm\u00fchle"},"content":{"rendered":"<p>[et_pb_section fb_built=&#8221;1&#8243; _builder_version=&#8221;4.1&#8243; background_image=&#8221;http:\/\/hsi-stb.com\/wp-content\/uploads\/2020\/01\/machinery_1_1-scaled.jpg&#8221; parallax=&#8221;on&#8221; top_divider_style=&#8221;wave2&#8243; top_divider_color=&#8221;#e2e2e2&#8243; top_divider_height=&#8221;31px&#8221; bottom_divider_style=&#8221;ramp2&#8243; bottom_divider_color=&#8221;#000000&#8243;][et_pb_row _builder_version=&#8221;4.1&#8243;][et_pb_column type=&#8221;4_4&#8243; _builder_version=&#8221;4.1&#8243;][et_pb_text _builder_version=&#8221;4.2.1&#8243; header_font=&#8221;Allerta|700|||||||&#8221; header_text_color=&#8221;#000000&#8243; header_font_size=&#8221;85px&#8221; header_text_shadow_style=&#8221;preset3&#8243; header_text_shadow_blur_strength=&#8221;0.16em&#8221; header_text_shadow_color=&#8221;#ffffff&#8221;]<\/p>\n<h1 style=\"text-align: center;\">Micronizer\u00ae Strahlm\u00fchle<\/h1>\n<p>[\/et_pb_text][\/et_pb_column][\/et_pb_row][\/et_pb_section][et_pb_section fb_built=&#8221;1&#8243; _builder_version=&#8221;4.1&#8243; top_divider_style=&#8221;slant2&#8243; top_divider_color=&#8221;#000000&#8243;][et_pb_row column_structure=&#8221;1_2,1_2&#8243; _builder_version=&#8221;4.1&#8243;][et_pb_column type=&#8221;1_2&#8243; _builder_version=&#8221;4.1&#8243;][et_pb_image src=&#8221;http:\/\/hsi-stb.com\/wp-content\/uploads\/2020\/01\/Function_1.png&#8221; _builder_version=&#8221;4.1&#8243;][\/et_pb_image][\/et_pb_column][et_pb_column type=&#8221;1_2&#8243; _builder_version=&#8221;4.1&#8243;][et_pb_text _builder_version=&#8221;4.2.1&#8243; text_font=&#8221;Allerta||||||||&#8221; text_font_size=&#8221;17px&#8221; custom_padding=&#8221;49px|||||&#8221; hover_enabled=&#8221;0&#8243;]<\/p>\n<ul>\n<li>Reibungskr\u00e4fte und Partikelkollision<\/li>\n<li>Zerkleinert und klassifiziert Pulver in Mikron- und Submikron-Gr\u00f6\u00dfen<\/li>\n<li>Verarbeitet eine gro\u00dfe Vielfalt an Materialien<\/li>\n<\/ul>\n<p>[\/et_pb_text][et_pb_button button_url=&#8221;http:\/\/hsi-stb.com\/wp-content\/uploads\/2020\/01\/Micronizer-Complete.pdf&#8221; url_new_window=&#8221;on&#8221; button_text=&#8221;Ausf\u00fchrliche Beschreibung anzeigen&#8221; button_alignment=&#8221;center&#8221; _builder_version=&#8221;4.2.1&#8243; custom_button=&#8221;on&#8221; button_icon=&#8221;%%52%%&#8221;][\/et_pb_button][\/et_pb_column][\/et_pb_row][et_pb_row _builder_version=&#8221;4.1&#8243; custom_padding=&#8221;||0px|||&#8221;][et_pb_column type=&#8221;4_4&#8243; _builder_version=&#8221;4.1&#8243;][et_pb_divider color=&#8221;#000000&#8243; _builder_version=&#8221;4.1&#8243;][\/et_pb_divider][\/et_pb_column][\/et_pb_row][\/et_pb_section][et_pb_section fb_built=&#8221;1&#8243; _builder_version=&#8221;4.2.1&#8243; custom_padding=&#8221;0px||9px|||&#8221;][et_pb_row _builder_version=&#8221;4.2.1&#8243;][et_pb_column type=&#8221;4_4&#8243; _builder_version=&#8221;4.2.1&#8243;][et_pb_text _builder_version=&#8221;4.2.1&#8243;]<\/p>\n<h1 style=\"text-align: center;\">Haupttypen<\/h1>\n<p>[\/et_pb_text][\/et_pb_column][\/et_pb_row][et_pb_row column_structure=&#8221;1_2,1_2&#8243; _builder_version=&#8221;4.2.1&#8243;][et_pb_column type=&#8221;1_2&#8243; _builder_version=&#8221;4.2.1&#8243;][et_pb_image src=&#8221;http:\/\/hsi-stb.com\/wp-content\/uploads\/2020\/01\/OM_1.png&#8221; align=&#8221;center&#8221; _builder_version=&#8221;4.2.1&#8243;][\/et_pb_image][et_pb_text _builder_version=&#8221;4.2.1&#8243; text_font=&#8221;Allerta||||||||&#8221; text_font_size=&#8221;16px&#8221; hover_enabled=&#8221;0&#8243;]<\/p>\n<p>Industrielle <strong>OM<\/strong>-Version f\u00fcr den Schwerlastbereich<\/p>\n<\/p>\n<p>[\/et_pb_text][et_pb_button button_url=&#8221;http:\/\/hsi-stb.com\/wp-content\/uploads\/2020\/01\/Micronizer_Product_Bulletin.pdf&#8221; url_new_window=&#8221;on&#8221; button_text=&#8221;Mehr erfahren&#8230;&#8221; button_alignment=&#8221;center&#8221; _builder_version=&#8221;4.2.1&#8243; custom_button=&#8221;on&#8221; button_icon=&#8221;%%52%%&#8221;][\/et_pb_button][\/et_pb_column][et_pb_column type=&#8221;1_2&#8243; _builder_version=&#8221;4.2.1&#8243;][et_pb_image src=&#8221;http:\/\/hsi-stb.com\/wp-content\/uploads\/2020\/01\/SDM_1.png&#8221; align=&#8221;center&#8221; _builder_version=&#8221;4.2.1&#8243;][\/et_pb_image][et_pb_text _builder_version=&#8221;4.2.1&#8243; text_font=&#8221;Allerta||||||||&#8221; text_font_size=&#8221;17px&#8221; hover_enabled=&#8221;0&#8243;]<\/p>\n<p>Hygienische\u00a0<strong>SDM<\/strong>-Ausf\u00fchrung f\u00fcr die Pharma\/Nahrungsmittel\/Kosmetik-Branche<\/p>\n<p>[\/et_pb_text][et_pb_button button_url=&#8221;http:\/\/hsi-stb.com\/wp-content\/uploads\/2020\/01\/Micronizer_Sanitary_Product_Bulletin.pdf&#8221; url_new_window=&#8221;on&#8221; button_text=&#8221;Mehr erfahren&#8230;&#8221; button_alignment=&#8221;center&#8221; _builder_version=&#8221;4.2.1&#8243; custom_button=&#8221;on&#8221; button_icon=&#8221;%%52%%&#8221;][\/et_pb_button][\/et_pb_column][\/et_pb_row][et_pb_row _builder_version=&#8221;4.1&#8243; custom_padding=&#8221;||0px|||&#8221;][et_pb_column type=&#8221;4_4&#8243; _builder_version=&#8221;4.1&#8243;][et_pb_divider color=&#8221;#000000&#8243; _builder_version=&#8221;4.1&#8243;][\/et_pb_divider][\/et_pb_column][\/et_pb_row][\/et_pb_section][et_pb_section fb_built=&#8221;1&#8243; _builder_version=&#8221;4.1&#8243; custom_padding=&#8221;0px|||||&#8221;][et_pb_row _builder_version=&#8221;4.1&#8243;][et_pb_column type=&#8221;4_4&#8243; _builder_version=&#8221;4.1&#8243;][et_pb_text _builder_version=&#8221;4.2.1&#8243;]<\/p>\n<h1 style=\"text-align: center;\">Wie es funktioniert<\/h1>\n<p>[\/et_pb_text][et_pb_video src=&#8221;https:\/\/www.youtube.com\/watch?v=531sIdzV-SQ&#8221; play_icon_color=&#8221;#000000&#8243; thumbnail_overlay_color=&#8221;rgba(0,0,0,0.6)&#8221; _builder_version=&#8221;4.1&#8243;][\/et_pb_video][\/et_pb_column][\/et_pb_row][\/et_pb_section][et_pb_section fb_built=&#8221;1&#8243; _builder_version=&#8221;4.1&#8243; custom_margin=&#8221;||-138px|||&#8221; custom_padding=&#8221;1px|||||&#8221;][et_pb_row _builder_version=&#8221;4.1&#8243; custom_padding=&#8221;||0px|||&#8221;][et_pb_column type=&#8221;4_4&#8243; _builder_version=&#8221;4.1&#8243;][et_pb_divider color=&#8221;#000000&#8243; _builder_version=&#8221;4.1&#8243;][\/et_pb_divider][\/et_pb_column][\/et_pb_row][et_pb_row _builder_version=&#8221;4.1&#8243;][et_pb_column type=&#8221;4_4&#8243; _builder_version=&#8221;4.1&#8243;][et_pb_text _builder_version=&#8221;4.2.1&#8243;]<\/p>\n<h1 style=\"text-align: center;\">Anwendungen<\/h1>\n<p>[\/et_pb_text][\/et_pb_column][\/et_pb_row][et_pb_row column_structure=&#8221;1_4,1_4,1_4,1_4&#8243; _builder_version=&#8221;4.1&#8243;][et_pb_column type=&#8221;1_4&#8243; _builder_version=&#8221;4.1&#8243;][et_pb_image src=&#8221;http:\/\/hsi-stb.com\/wp-content\/uploads\/2020\/01\/Applications_m_1.png&#8221; _builder_version=&#8221;4.1&#8243;][\/et_pb_image][et_pb_text _builder_version=&#8221;4.2.1&#8243;]<\/p>\n<h3 style=\"text-align: center;\">Chemikalien f\u00fcr die Landwirtschaft<\/h3>\n<p>Genau einstellbare Partikelgr\u00f6\u00dfenverteilung von Insektiziden.<\/p>\n<p>[\/et_pb_text][et_pb_button button_url=&#8221;http:\/\/hsi-stb.com\/wp-content\/uploads\/2020\/01\/AgChem_Application_Bulletin.pdf&#8221; url_new_window=&#8221;on&#8221; button_text=&#8221;Bulletin anzeigen&#8221; button_alignment=&#8221;center&#8221; _builder_version=&#8221;4.2.1&#8243; custom_button=&#8221;on&#8221; button_text_size=&#8221;15px&#8221; button_icon=&#8221;%%65%%&#8221;][\/et_pb_button][\/et_pb_column][et_pb_column type=&#8221;1_4&#8243; _builder_version=&#8221;4.1&#8243;][et_pb_image src=&#8221;http:\/\/hsi-stb.com\/wp-content\/uploads\/2020\/01\/Applications_m_2.png&#8221; _builder_version=&#8221;4.1&#8243;][\/et_pb_image][et_pb_text _builder_version=&#8221;4.2.1&#8243;]<\/p>\n<h3 style=\"text-align: center;\">API<\/h3>\n<p>Partikelgr\u00f6\u00dfenverkleinerung von pharmazeutischen Wirkstoffen.<\/p>\n<p>[\/et_pb_text][et_pb_button button_url=&#8221;http:\/\/hsi-stb.com\/wp-content\/uploads\/2020\/01\/API_Excipient_Application_Bulletin.pdf&#8221; url_new_window=&#8221;on&#8221; button_text=&#8221;Bulletin anzeigen&#8221; button_alignment=&#8221;center&#8221; _builder_version=&#8221;4.2.1&#8243; custom_button=&#8221;on&#8221; button_text_size=&#8221;15px&#8221; button_icon=&#8221;%%65%%&#8221;][\/et_pb_button][\/et_pb_column][et_pb_column type=&#8221;1_4&#8243; _builder_version=&#8221;4.1&#8243;][et_pb_image src=&#8221;http:\/\/hsi-stb.com\/wp-content\/uploads\/2020\/01\/Applications_m_3.jpg&#8221; _builder_version=&#8221;4.1&#8243; custom_margin=&#8221;||27px|||&#8221;][\/et_pb_image][et_pb_text _builder_version=&#8221;4.2.1&#8243; min_height=&#8221;79px&#8221; custom_margin=&#8221;||-6px|||&#8221;]<\/p>\n<h3 style=\"text-align: center;\">Keramik<\/h3>\n<p>Kontaminationsfreies Mahlen von Keramiken.<\/p>\n<p>[\/et_pb_text][et_pb_image src=&#8221;http:\/\/hsi-stb.com\/wp-content\/uploads\/2020\/01\/Applications_m_3-scaled.jpg&#8221; _builder_version=&#8221;4.1&#8243; width=&#8221;97.4%&#8221; custom_padding=&#8221;||0px|||&#8221;][\/et_pb_image][et_pb_button button_url=&#8221;http:\/\/hsi-stb.com\/wp-content\/uploads\/2020\/01\/Ceramic_Application_Bulletin.pdf&#8221; url_new_window=&#8221;on&#8221; button_text=&#8221;Bulletin anzeigen&#8221; button_alignment=&#8221;center&#8221; _builder_version=&#8221;4.2.1&#8243; custom_button=&#8221;on&#8221; button_text_size=&#8221;15px&#8221; button_icon=&#8221;%%65%%&#8221;][\/et_pb_button][\/et_pb_column][et_pb_column type=&#8221;1_4&#8243; _builder_version=&#8221;4.1&#8243;][et_pb_image src=&#8221;http:\/\/hsi-stb.com\/wp-content\/uploads\/2020\/01\/Applications_m_4.jpg&#8221; _builder_version=&#8221;4.1&#8243;][\/et_pb_image][et_pb_text _builder_version=&#8221;4.2.1&#8243;]<\/p>\n<h3 style=\"text-align: center;\">TiO2<\/h3>\n<p>Mahlen von Titandioxid mit Hochdruckdampf.<\/p>\n<p>[\/et_pb_text][et_pb_button button_url=&#8221;http:\/\/hsi-stb.com\/wp-content\/uploads\/2020\/01\/TiO2_Application_SteamMicronizer_Bulletin.pdf&#8221; url_new_window=&#8221;on&#8221; button_text=&#8221;Bulletin anzeigen&#8221; button_alignment=&#8221;center&#8221; _builder_version=&#8221;4.2.1&#8243; custom_button=&#8221;on&#8221; button_text_size=&#8221;15px&#8221; button_icon=&#8221;%%65%%&#8221;][\/et_pb_button][\/et_pb_column][\/et_pb_row][\/et_pb_section][et_pb_section fb_built=&#8221;1&#8243; _builder_version=&#8221;4.1&#8243; custom_margin=&#8221;-3px|||||&#8221; custom_padding=&#8221;83px|||||&#8221;][et_pb_row column_structure=&#8221;1_2,1_2&#8243; _builder_version=&#8221;4.2.1&#8243; custom_margin=&#8221;73px|auto||auto||&#8221;][et_pb_column type=&#8221;1_2&#8243; _builder_version=&#8221;4.1&#8243;][et_pb_text _builder_version=&#8221;4.2.1&#8243;]<\/p>\n<h3>Mehr Details:<\/h3>\n<p>&nbsp;<\/p>\n<ul>\n<li><a href=\"http:\/\/hsi-stb.com\/wp-content\/uploads\/2020\/01\/Laboratory-Micronizer-Catalog.pdf\">Laboratory Micronizer Catalog<\/a><\/li>\n<li><a href=\"http:\/\/hsi-stb.com\/wp-content\/uploads\/2020\/01\/4-inch_OM_Cut_Sheet.pdf\">4-inch Open Manifold Design<\/a> (2&#8243; and 8&#8243; also available)<\/li>\n<li><a href=\"http:\/\/hsi-stb.com\/wp-content\/uploads\/2020\/01\/4-inch_SDM_Cut_Sheet.pdf\">4-inch Laboratory Sanitary Design<\/a> (2&#8243; and 8&#8243; also available)<\/li>\n<\/ul>\n<p>&nbsp;<\/p>\n<p>[\/et_pb_text][\/et_pb_column][et_pb_column type=&#8221;1_2&#8243; _builder_version=&#8221;4.1&#8243;][et_pb_image src=&#8221;http:\/\/hsi-stb.com\/wp-content\/uploads\/2020\/01\/Micronizer_3.png&#8221; _builder_version=&#8221;4.1&#8243;][\/et_pb_image][\/et_pb_column][\/et_pb_row][et_pb_row _builder_version=&#8221;4.2.1&#8243; custom_margin=&#8221;auto|auto|auto|auto|false|false&#8221; custom_padding=&#8221;||||false|false&#8221;][et_pb_column type=&#8221;4_4&#8243; _builder_version=&#8221;4.1&#8243;][et_pb_cta title=&#8221;Sie ben\u00f6tigen weitere Informationen?&#8221; button_url=&#8221;@ET-DC@eyJkeW5hbWljIjp0cnVlLCJjb250ZW50IjoicG9zdF9saW5rX3VybF9wYWdlIiwic2V0dGluZ3MiOnsicG9zdF9pZCI6IjYzIn19@&#8221; url_new_window=&#8221;on&#8221; button_text=&#8221;Hier clicken&#8221; _builder_version=&#8221;4.2.1&#8243; _dynamic_attributes=&#8221;button_url&#8221; use_background_color_gradient=&#8221;on&#8221; background_color_gradient_type=&#8221;radial&#8221; background_color_gradient_start_position=&#8221;5%&#8221; button_alignment=&#8221;center&#8221; custom_margin=&#8221;|auto||auto|false|false&#8221; animation_style=&#8221;slide&#8221;]<\/p>\n<p>Erreichen Sie uns \u00fcber unser Kontakformular.<\/p>\n<p>[\/et_pb_cta][\/et_pb_column][\/et_pb_row][\/et_pb_section]<\/p>\n","protected":false},"excerpt":{"rendered":"<p>[et_pb_section fb_built=&#8221;1&#8243; _builder_version=&#8221;4.1&#8243; background_image=&#8221;http:\/\/hsi-stb.com\/wp-content\/uploads\/2020\/01\/machinery_1_1-scaled.jpg&#8221; parallax=&#8221;on&#8221; top_divider_style=&#8221;wave2&#8243; top_divider_color=&#8221;#e2e2e2&#8243; top_divider_height=&#8221;31px&#8221; bottom_divider_style=&#8221;ramp2&#8243; bottom_divider_color=&#8221;#000000&#8243;][et_pb_row _builder_version=&#8221;4.1&#8243;][et_pb_column type=&#8221;4_4&#8243; _builder_version=&#8221;4.1&#8243;][et_pb_text _builder_version=&#8221;4.2.1&#8243; header_font=&#8221;Allerta|700|||||||&#8221; header_text_color=&#8221;#000000&#8243; header_font_size=&#8221;85px&#8221; header_text_shadow_style=&#8221;preset3&#8243; header_text_shadow_blur_strength=&#8221;0.16em&#8221; header_text_shadow_color=&#8221;#ffffff&#8221;] Micronizer\u00ae Strahlm\u00fchle [\/et_pb_text][\/et_pb_column][\/et_pb_row][\/et_pb_section][et_pb_section fb_built=&#8221;1&#8243; _builder_version=&#8221;4.1&#8243; top_divider_style=&#8221;slant2&#8243; top_divider_color=&#8221;#000000&#8243;][et_pb_row column_structure=&#8221;1_2,1_2&#8243; _builder_version=&#8221;4.1&#8243;][et_pb_column type=&#8221;1_2&#8243; _builder_version=&#8221;4.1&#8243;][et_pb_image src=&#8221;http:\/\/hsi-stb.com\/wp-content\/uploads\/2020\/01\/Function_1.png&#8221; _builder_version=&#8221;4.1&#8243;][\/et_pb_image][\/et_pb_column][et_pb_column type=&#8221;1_2&#8243; _builder_version=&#8221;4.1&#8243;][et_pb_text _builder_version=&#8221;4.2.1&#8243; text_font=&#8221;Allerta||||||||&#8221; text_font_size=&#8221;17px&#8221; custom_padding=&#8221;49px|||||&#8221; hover_enabled=&#8221;0&#8243;] Reibungskr\u00e4fte und Partikelkollision Zerkleinert und klassifiziert Pulver in Mikron- und Submikron-Gr\u00f6\u00dfen Verarbeitet eine gro\u00dfe Vielfalt [&hellip;]<\/p>\n","protected":false},"author":1,"featured_media":0,"parent":0,"menu_order":0,"comment_status":"closed","ping_status":"closed","template":"","meta":{"_et_pb_use_builder":"on","_et_pb_old_content":"","_et_gb_content_width":""},"_links":{"self":[{"href":"https:\/\/hsi-stb.com\/index.php?rest_route=\/wp\/v2\/pages\/425"}],"collection":[{"href":"https:\/\/hsi-stb.com\/index.php?rest_route=\/wp\/v2\/pages"}],"about":[{"href":"https:\/\/hsi-stb.com\/index.php?rest_route=\/wp\/v2\/types\/page"}],"author":[{"embeddable":true,"href":"https:\/\/hsi-stb.com\/index.php?rest_route=\/wp\/v2\/users\/1"}],"replies":[{"embeddable":true,"href":"https:\/\/hsi-stb.com\/index.php?rest_route=%2Fwp%2Fv2%2Fcomments&post=425"}],"version-history":[{"count":3,"href":"https:\/\/hsi-stb.com\/index.php?rest_route=\/wp\/v2\/pages\/425\/revisions"}],"predecessor-version":[{"id":443,"href":"https:\/\/hsi-stb.com\/index.php?rest_route=\/wp\/v2\/pages\/425\/revisions\/443"}],"wp:attachment":[{"href":"https:\/\/hsi-stb.com\/index.php?rest_route=%2Fwp%2Fv2%2Fmedia&parent=425"}],"curies":[{"name":"wp","href":"https:\/\/api.w.org\/{rel}","templated":true}]}}