{"id":431,"date":"2020-01-30T11:47:54","date_gmt":"2020-01-30T11:47:54","guid":{"rendered":"http:\/\/hsi-stb.com\/?page_id=431"},"modified":"2020-02-05T10:31:27","modified_gmt":"2020-02-05T10:31:27","slug":"whirlwind-luftklassifizierer","status":"publish","type":"page","link":"https:\/\/hsi-stb.com\/?page_id=431&lang=de","title":{"rendered":"Whirlwind\u00ae Luftklassifizierer"},"content":{"rendered":"<p>[et_pb_section fb_built=&#8221;1&#8243; _builder_version=&#8221;4.2.1&#8243; background_image=&#8221;http:\/\/hsi-stb.com\/wp-content\/uploads\/2020\/01\/fields_1_1-scaled.jpg&#8221; parallax=&#8221;on&#8221; top_divider_style=&#8221;wave2&#8243; top_divider_color=&#8221;#e2e2e2&#8243; top_divider_height=&#8221;31px&#8221; bottom_divider_style=&#8221;ramp2&#8243; bottom_divider_color=&#8221;#000000&#8243;][et_pb_row _builder_version=&#8221;4.1&#8243;][et_pb_column type=&#8221;4_4&#8243; _builder_version=&#8221;4.1&#8243;][et_pb_text _builder_version=&#8221;4.2.1&#8243; header_font=&#8221;Allerta|700|||||||&#8221; header_text_color=&#8221;#000000&#8243; header_font_size=&#8221;85px&#8221; header_text_shadow_style=&#8221;preset3&#8243; header_text_shadow_blur_strength=&#8221;0.16em&#8221; header_text_shadow_color=&#8221;#ffffff&#8221;]<\/p>\n<h1 style=\"text-align: center;\">Whirlwind\u00ae Thermischer Klassifizierer<\/h1>\n<p>[\/et_pb_text][\/et_pb_column][\/et_pb_row][\/et_pb_section][et_pb_section fb_built=&#8221;1&#8243; _builder_version=&#8221;4.1&#8243; top_divider_style=&#8221;slant2&#8243; top_divider_color=&#8221;#000000&#8243;][et_pb_row column_structure=&#8221;1_2,1_2&#8243; _builder_version=&#8221;4.1&#8243;][et_pb_column type=&#8221;1_2&#8243; _builder_version=&#8221;4.1&#8243;][et_pb_image src=&#8221;http:\/\/hsi-stb.com\/wp-content\/uploads\/2020\/01\/AC_4-1.png&#8221; _builder_version=&#8221;4.2.1&#8243;][\/et_pb_image][\/et_pb_column][et_pb_column type=&#8221;1_2&#8243; _builder_version=&#8221;4.1&#8243;][et_pb_text _builder_version=&#8221;4.2.1&#8243; text_font=&#8221;Allerta||||||||&#8221; text_font_size=&#8221;17px&#8221; custom_padding=&#8221;49px|||||&#8221;]<\/p>\n<p>&nbsp;<\/p>\n<p>&nbsp;<\/p>\n<p>&nbsp;<\/p>\n<p>&nbsp;<\/p>\n<ul>\n<li>\n<p>Feine und superfeine Klassifizierung<\/p>\n<\/li>\n<li>\n<p>Hohe Kapazit\u00e4t und ausgezeichnete Trennung<\/p>\n<\/li>\n<li>\n<p>Verschlei\u00dffest<\/p>\n<\/li>\n<li>\n<p>Doppelter Ertrag bei der Proteintrennung<\/p>\n<p>&nbsp;<\/p>\n<p>&nbsp;<\/p>\n<p>&nbsp;<\/p>\n<p>&nbsp;<\/p>\n<p>&nbsp;<\/p>\n<\/li>\n<\/ul>\n<p>[\/et_pb_text][et_pb_button button_url=&#8221;http:\/\/hsi-stb.com\/wp-content\/uploads\/2020\/01\/AirClassifier.pdf&#8221; url_new_window=&#8221;on&#8221; button_text=&#8221;Ausf\u00fchrliche Beschreibung anzeigen&#8221; button_alignment=&#8221;center&#8221; _builder_version=&#8221;4.2.1&#8243; custom_button=&#8221;on&#8221; button_icon=&#8221;%%52%%&#8221;][\/et_pb_button][\/et_pb_column][\/et_pb_row][et_pb_row _builder_version=&#8221;4.1&#8243; custom_padding=&#8221;||0px|||&#8221;][et_pb_column type=&#8221;4_4&#8243; _builder_version=&#8221;4.1&#8243;][et_pb_divider color=&#8221;#000000&#8243; _builder_version=&#8221;4.1&#8243;][\/et_pb_divider][\/et_pb_column][\/et_pb_row][\/et_pb_section][et_pb_section fb_built=&#8221;1&#8243; _builder_version=&#8221;4.1&#8243; custom_padding=&#8221;0px|||||&#8221;][et_pb_row _builder_version=&#8221;4.1&#8243;][et_pb_column type=&#8221;4_4&#8243; _builder_version=&#8221;4.1&#8243;][et_pb_text _builder_version=&#8221;4.2.1&#8243;]<\/p>\n<h1 style=\"text-align: center;\">Wie es funktioniert<\/h1>\n<p>[\/et_pb_text][et_pb_video src=&#8221;https:\/\/www.youtube.com\/watch?v=MJCwwrmxmto&#8221; play_icon_color=&#8221;#000000&#8243; thumbnail_overlay_color=&#8221;rgba(0,0,0,0.6)&#8221; _builder_version=&#8221;4.2.1&#8243;][\/et_pb_video][\/et_pb_column][\/et_pb_row][\/et_pb_section][et_pb_section fb_built=&#8221;1&#8243; _builder_version=&#8221;4.1&#8243; custom_margin=&#8221;||-138px|||&#8221; custom_padding=&#8221;1px|||||&#8221;][et_pb_row _builder_version=&#8221;4.1&#8243; custom_padding=&#8221;||0px|||&#8221;][et_pb_column type=&#8221;4_4&#8243; _builder_version=&#8221;4.1&#8243;][et_pb_divider color=&#8221;#000000&#8243; _builder_version=&#8221;4.1&#8243;][\/et_pb_divider][\/et_pb_column][\/et_pb_row][et_pb_row _builder_version=&#8221;4.1&#8243;][et_pb_column type=&#8221;4_4&#8243; _builder_version=&#8221;4.1&#8243;][et_pb_text _builder_version=&#8221;4.2.1&#8243;]<\/p>\n<h1 style=\"text-align: center;\">Anwendungen<\/h1>\n<p>[\/et_pb_text][\/et_pb_column][\/et_pb_row][et_pb_row column_structure=&#8221;1_3,1_3,1_3&#8243; _builder_version=&#8221;4.2.1&#8243;][et_pb_column type=&#8221;1_3&#8243; _builder_version=&#8221;4.1&#8243;][et_pb_image src=&#8221;http:\/\/hsi-stb.com\/wp-content\/uploads\/2020\/01\/200112_2.png&#8221; _builder_version=&#8221;4.2.1&#8243;][\/et_pb_image][et_pb_text _builder_version=&#8221;4.2.1&#8243;]<\/p>\n<h3 style=\"text-align: center;\">Aquafeed<\/h3>\n<p style=\"text-align: left;\">Fischmehl mit hohem Proteingehalt.<\/p>\n<p>[\/et_pb_text][et_pb_button button_url=&#8221;http:\/\/hsi-stb.com\/wp-content\/uploads\/2020\/01\/Aquaculture_Aquafeed_Application_Bulletin.pdf&#8221; url_new_window=&#8221;on&#8221; button_text=&#8221;Bulletin anzeigen&#8221; button_alignment=&#8221;center&#8221; _builder_version=&#8221;4.2.1&#8243; custom_button=&#8221;on&#8221; button_text_size=&#8221;15px&#8221; button_icon=&#8221;%%65%%&#8221;][\/et_pb_button][\/et_pb_column][et_pb_column type=&#8221;1_3&#8243; _builder_version=&#8221;4.1&#8243;][et_pb_image src=&#8221;http:\/\/hsi-stb.com\/wp-content\/uploads\/2020\/01\/200121_1.png&#8221; _builder_version=&#8221;4.2.1&#8243;][\/et_pb_image][et_pb_text _builder_version=&#8221;4.2.1&#8243;]<\/p>\n<h3 style=\"text-align: center;\">Tiernahrung<\/h3>\n<p>Tierern\u00e4hrung aus Tiererzeugnissen.<\/p>\n<p>[\/et_pb_text][et_pb_button button_url=&#8221;http:\/\/hsi-stb.com\/wp-content\/uploads\/2020\/01\/Animal_Nutrition_Application_Bulletin.pdf&#8221; url_new_window=&#8221;on&#8221; button_text=&#8221;Bulletin anzeigen&#8221; button_alignment=&#8221;center&#8221; _builder_version=&#8221;4.2.1&#8243; custom_button=&#8221;on&#8221; button_text_size=&#8221;15px&#8221; button_icon=&#8221;%%65%%&#8221;][\/et_pb_button][\/et_pb_column][et_pb_column type=&#8221;1_3&#8243; _builder_version=&#8221;4.1&#8243;][et_pb_image src=&#8221;http:\/\/hsi-stb.com\/wp-content\/uploads\/2020\/01\/Applications_3-1.png&#8221; _builder_version=&#8221;4.2.1&#8243; custom_margin=&#8221;||27px|||&#8221;][\/et_pb_image][et_pb_text _builder_version=&#8221;4.2.1&#8243; min_height=&#8221;79px&#8221; custom_margin=&#8221;||-6px|||&#8221;]<\/p>\n<h3 style=\"text-align: center;\">Erbsenmehl<\/h3>\n<p>Pr\u00e4zise Partikelgr\u00f6\u00dfe mit hohem Proteingehalt.<\/p>\n<p>[\/et_pb_text][et_pb_button button_url=&#8221;http:\/\/hsi-stb.com\/wp-content\/uploads\/2020\/01\/Pea_Flour_Application_Bulletin.pdf&#8221; url_new_window=&#8221;on&#8221; button_text=&#8221;Bulletin anzeigen&#8221; button_alignment=&#8221;center&#8221; _builder_version=&#8221;4.2.1&#8243; custom_button=&#8221;on&#8221; button_text_size=&#8221;15px&#8221; button_icon=&#8221;%%65%%&#8221; custom_margin=&#8221;13px|||||&#8221;][\/et_pb_button][et_pb_image src=&#8221;http:\/\/hsi-stb.com\/wp-content\/uploads\/2020\/01\/Applications_m_3-scaled.jpg&#8221; _builder_version=&#8221;4.1&#8243; width=&#8221;97.4%&#8221; custom_padding=&#8221;||0px|||&#8221;][\/et_pb_image][\/et_pb_column][\/et_pb_row][\/et_pb_section][et_pb_section fb_built=&#8221;1&#8243; _builder_version=&#8221;4.1&#8243; custom_margin=&#8221;-3px|||||&#8221; custom_padding=&#8221;83px|||||&#8221;][et_pb_row column_structure=&#8221;1_2,1_2&#8243; _builder_version=&#8221;4.2.1&#8243; custom_margin=&#8221;73px|auto||auto||&#8221;][et_pb_column type=&#8221;1_2&#8243; _builder_version=&#8221;4.1&#8243;][et_pb_text _builder_version=&#8221;4.2.1&#8243; text_font_size=&#8221;20px&#8221; header_3_font_size=&#8221;30px&#8221;]<\/p>\n<h3>Mehr Details:<\/h3>\n<p>&nbsp;<\/p>\n<ul>\n<li><a href=\"http:\/\/hsi-stb.com\/wp-content\/uploads\/2020\/01\/Whirlwind_Product_Bulletin.pdf\">Whirlwind\u00ae Air Classifier Bulletin<\/a><\/li>\n<li><a href=\"http:\/\/hsi-stb.com\/wp-content\/uploads\/2020\/01\/SuperFine_Product_Bulletin.pdf\">SuperFine Air Classifier Bulletin<\/a><\/li>\n<li><a href=\"http:\/\/hsi-stb.com\/wp-content\/uploads\/2020\/01\/SideDraft_Product_Bulletin.pdf\">Side Draft Air Classifier Bulletin<\/a><\/li>\n<\/ul>\n<p>&nbsp;<\/p>\n<p>[\/et_pb_text][\/et_pb_column][et_pb_column type=&#8221;1_2&#8243; _builder_version=&#8221;4.1&#8243;][et_pb_image src=&#8221;http:\/\/hsi-stb.com\/wp-content\/uploads\/2020\/01\/AC_2.png&#8221; _builder_version=&#8221;4.2.1&#8243;][\/et_pb_image][\/et_pb_column][\/et_pb_row][et_pb_row _builder_version=&#8221;4.2.1&#8243; custom_margin=&#8221;auto|auto|auto|auto|false|false&#8221; custom_padding=&#8221;||||false|false&#8221;][et_pb_column type=&#8221;4_4&#8243; _builder_version=&#8221;4.1&#8243;][et_pb_cta title=&#8221;Sie ben\u00f6tigen weitere Informationen?&#8221; button_url=&#8221;@ET-DC@eyJkeW5hbWljIjp0cnVlLCJjb250ZW50IjoicG9zdF9saW5rX3VybF9wYWdlIiwic2V0dGluZ3MiOnsicG9zdF9pZCI6IjYzIn19@&#8221; url_new_window=&#8221;on&#8221; button_text=&#8221;Hier clicken&#8221; _builder_version=&#8221;4.2.1&#8243; _dynamic_attributes=&#8221;button_url&#8221; use_background_color_gradient=&#8221;on&#8221; background_color_gradient_type=&#8221;radial&#8221; background_color_gradient_start_position=&#8221;5%&#8221; button_alignment=&#8221;center&#8221; custom_margin=&#8221;|auto||auto|false|false&#8221; animation_style=&#8221;slide&#8221;]<\/p>\n<p>Erreichen Sie uns \u00fcber unser Kontakformular.<\/p>\n<p>[\/et_pb_cta][\/et_pb_column][\/et_pb_row][\/et_pb_section]<\/p>\n","protected":false},"excerpt":{"rendered":"<p>[et_pb_section fb_built=&#8221;1&#8243; _builder_version=&#8221;4.2.1&#8243; background_image=&#8221;http:\/\/hsi-stb.com\/wp-content\/uploads\/2020\/01\/fields_1_1-scaled.jpg&#8221; parallax=&#8221;on&#8221; top_divider_style=&#8221;wave2&#8243; top_divider_color=&#8221;#e2e2e2&#8243; top_divider_height=&#8221;31px&#8221; bottom_divider_style=&#8221;ramp2&#8243; bottom_divider_color=&#8221;#000000&#8243;][et_pb_row _builder_version=&#8221;4.1&#8243;][et_pb_column type=&#8221;4_4&#8243; _builder_version=&#8221;4.1&#8243;][et_pb_text _builder_version=&#8221;4.2.1&#8243; header_font=&#8221;Allerta|700|||||||&#8221; header_text_color=&#8221;#000000&#8243; header_font_size=&#8221;85px&#8221; header_text_shadow_style=&#8221;preset3&#8243; header_text_shadow_blur_strength=&#8221;0.16em&#8221; header_text_shadow_color=&#8221;#ffffff&#8221;] Whirlwind\u00ae Thermischer Klassifizierer [\/et_pb_text][\/et_pb_column][\/et_pb_row][\/et_pb_section][et_pb_section fb_built=&#8221;1&#8243; _builder_version=&#8221;4.1&#8243; top_divider_style=&#8221;slant2&#8243; top_divider_color=&#8221;#000000&#8243;][et_pb_row column_structure=&#8221;1_2,1_2&#8243; _builder_version=&#8221;4.1&#8243;][et_pb_column type=&#8221;1_2&#8243; _builder_version=&#8221;4.1&#8243;][et_pb_image src=&#8221;http:\/\/hsi-stb.com\/wp-content\/uploads\/2020\/01\/AC_4-1.png&#8221; _builder_version=&#8221;4.2.1&#8243;][\/et_pb_image][\/et_pb_column][et_pb_column type=&#8221;1_2&#8243; _builder_version=&#8221;4.1&#8243;][et_pb_text _builder_version=&#8221;4.2.1&#8243; text_font=&#8221;Allerta||||||||&#8221; text_font_size=&#8221;17px&#8221; custom_padding=&#8221;49px|||||&#8221;] &nbsp; &nbsp; &nbsp; &nbsp; Feine und superfeine Klassifizierung Hohe Kapazit\u00e4t und ausgezeichnete Trennung Verschlei\u00dffest Doppelter [&hellip;]<\/p>\n","protected":false},"author":1,"featured_media":0,"parent":0,"menu_order":0,"comment_status":"closed","ping_status":"closed","template":"","meta":{"_et_pb_use_builder":"on","_et_pb_old_content":"","_et_gb_content_width":""},"_links":{"self":[{"href":"https:\/\/hsi-stb.com\/index.php?rest_route=\/wp\/v2\/pages\/431"}],"collection":[{"href":"https:\/\/hsi-stb.com\/index.php?rest_route=\/wp\/v2\/pages"}],"about":[{"href":"https:\/\/hsi-stb.com\/index.php?rest_route=\/wp\/v2\/types\/page"}],"author":[{"embeddable":true,"href":"https:\/\/hsi-stb.com\/index.php?rest_route=\/wp\/v2\/users\/1"}],"replies":[{"embeddable":true,"href":"https:\/\/hsi-stb.com\/index.php?rest_route=%2Fwp%2Fv2%2Fcomments&post=431"}],"version-history":[{"count":4,"href":"https:\/\/hsi-stb.com\/index.php?rest_route=\/wp\/v2\/pages\/431\/revisions"}],"predecessor-version":[{"id":446,"href":"https:\/\/hsi-stb.com\/index.php?rest_route=\/wp\/v2\/pages\/431\/revisions\/446"}],"wp:attachment":[{"href":"https:\/\/hsi-stb.com\/index.php?rest_route=%2Fwp%2Fv2%2Fmedia&parent=431"}],"curies":[{"name":"wp","href":"https:\/\/api.w.org\/{rel}","templated":true}]}}